{"id":160,"date":"2025-08-05T09:43:15","date_gmt":"2025-08-05T07:43:15","guid":{"rendered":"http:\/\/demo.ateepic.fr\/?page_id=160"},"modified":"2025-10-06T11:31:07","modified_gmt":"2025-10-06T09:31:07","slug":"livre","status":"publish","type":"page","link":"https:\/\/demo.ateepic.fr\/index.php\/livre\/","title":{"rendered":"Livre"},"content":{"rendered":"","protected":false},"excerpt":{"rendered":"","protected":false},"author":1,"featured_media":0,"parent":0,"menu_order":0,"comment_status":"closed","ping_status":"closed","template":"","meta":{"footnotes":""},"class_list":["post-160","page","type-page","status-publish","hentry"],"yoast_head":"<!-- This site is optimized with the Yoast SEO plugin v26.1.1 - https:\/\/yoast.com\/wordpress\/plugins\/seo\/ -->\n<title>Livre - Rise Club l&#039;art de s&#039;associer<\/title>\n<meta name=\"description\" content=\"L\u2019Art de s\u2019associer - Les secrets d&#039;une association (ou direction) durable et efficace. Dans ce livre, nous vous partageons les le\u00e7ons tir\u00e9es de 25 ans de collaboration, sans en cacher les risques ni les difficult\u00e9s.\" \/>\n<meta name=\"robots\" content=\"index, follow, max-snippet:-1, max-image-preview:large, max-video-preview:-1\" \/>\n<link rel=\"canonical\" href=\"https:\/\/demo.ateepic.fr\/index.php\/livre\/\" \/>\n<meta property=\"og:locale\" content=\"fr_FR\" \/>\n<meta property=\"og:type\" content=\"article\" \/>\n<meta property=\"og:title\" content=\"Livre - Rise Club l&#039;art de s&#039;associer\" \/>\n<meta property=\"og:description\" content=\"L\u2019Art de s\u2019associer - Les secrets d&#039;une association (ou direction) durable et efficace. Dans ce livre, nous vous partageons les le\u00e7ons tir\u00e9es de 25 ans de collaboration, sans en cacher les risques ni les difficult\u00e9s.\" \/>\n<meta property=\"og:url\" content=\"https:\/\/demo.ateepic.fr\/index.php\/livre\/\" \/>\n<meta property=\"og:site_name\" content=\"Rise Club\" \/>\n<meta property=\"article:modified_time\" content=\"2025-10-06T09:31:07+00:00\" \/>\n<meta name=\"twitter:card\" content=\"summary_large_image\" \/>\n<script type=\"application\/ld+json\" class=\"yoast-schema-graph\">{\"@context\":\"https:\/\/schema.org\",\"@graph\":[{\"@type\":\"WebPage\",\"@id\":\"https:\/\/demo.ateepic.fr\/index.php\/livre\/\",\"url\":\"https:\/\/demo.ateepic.fr\/index.php\/livre\/\",\"name\":\"Livre - Rise Club l'art de s'associer\",\"isPartOf\":{\"@id\":\"https:\/\/demo.ateepic.fr\/#website\"},\"datePublished\":\"2025-08-05T07:43:15+00:00\",\"dateModified\":\"2025-10-06T09:31:07+00:00\",\"description\":\"L\u2019Art de s\u2019associer - Les secrets d'une association (ou direction) durable et efficace. Dans ce livre, nous vous partageons les le\u00e7ons tir\u00e9es de 25 ans de collaboration, sans en cacher les risques ni les difficult\u00e9s.\",\"breadcrumb\":{\"@id\":\"https:\/\/demo.ateepic.fr\/index.php\/livre\/#breadcrumb\"},\"inLanguage\":\"fr-FR\",\"potentialAction\":[{\"@type\":\"ReadAction\",\"target\":[\"https:\/\/demo.ateepic.fr\/index.php\/livre\/\"]}]},{\"@type\":\"BreadcrumbList\",\"@id\":\"https:\/\/demo.ateepic.fr\/index.php\/livre\/#breadcrumb\",\"itemListElement\":[{\"@type\":\"ListItem\",\"position\":1,\"name\":\"Accueil\",\"item\":\"https:\/\/demo.ateepic.fr\/\"},{\"@type\":\"ListItem\",\"position\":2,\"name\":\"Livre\"}]},{\"@type\":\"WebSite\",\"@id\":\"https:\/\/demo.ateepic.fr\/#website\",\"url\":\"https:\/\/demo.ateepic.fr\/\",\"name\":\"Rise Club\",\"description\":\"Rise Club \u2013 Experts en direction \u00e0 plusieurs, coaching et gouvernance d\u2019associ\u00e9s\",\"publisher\":{\"@id\":\"https:\/\/demo.ateepic.fr\/#organization\"},\"potentialAction\":[{\"@type\":\"SearchAction\",\"target\":{\"@type\":\"EntryPoint\",\"urlTemplate\":\"https:\/\/demo.ateepic.fr\/?s={search_term_string}\"},\"query-input\":{\"@type\":\"PropertyValueSpecification\",\"valueRequired\":true,\"valueName\":\"search_term_string\"}}],\"inLanguage\":\"fr-FR\"},{\"@type\":\"Organization\",\"@id\":\"https:\/\/demo.ateepic.fr\/#organization\",\"name\":\"Rise Club\",\"url\":\"https:\/\/demo.ateepic.fr\/\",\"logo\":{\"@type\":\"ImageObject\",\"inLanguage\":\"fr-FR\",\"@id\":\"https:\/\/demo.ateepic.fr\/#\/schema\/logo\/image\/\",\"url\":\"https:\/\/demo.ateepic.fr\/wp-content\/uploads\/2025\/05\/RiseClub.svg\",\"contentUrl\":\"https:\/\/demo.ateepic.fr\/wp-content\/uploads\/2025\/05\/RiseClub.svg\",\"caption\":\"Rise Club\"},\"image\":{\"@id\":\"https:\/\/demo.ateepic.fr\/#\/schema\/logo\/image\/\"}}]}<\/script>\n<!-- \/ Yoast SEO plugin. -->","yoast_head_json":{"title":"Livre - Rise Club l'art de s'associer","description":"L\u2019Art de s\u2019associer - Les secrets d'une association (ou direction) durable et efficace. Dans ce livre, nous vous partageons les le\u00e7ons tir\u00e9es de 25 ans de collaboration, sans en cacher les risques ni les difficult\u00e9s.","robots":{"index":"index","follow":"follow","max-snippet":"max-snippet:-1","max-image-preview":"max-image-preview:large","max-video-preview":"max-video-preview:-1"},"canonical":"https:\/\/demo.ateepic.fr\/index.php\/livre\/","og_locale":"fr_FR","og_type":"article","og_title":"Livre - Rise Club l'art de s'associer","og_description":"L\u2019Art de s\u2019associer - Les secrets d'une association (ou direction) durable et efficace. Dans ce livre, nous vous partageons les le\u00e7ons tir\u00e9es de 25 ans de collaboration, sans en cacher les risques ni les difficult\u00e9s.","og_url":"https:\/\/demo.ateepic.fr\/index.php\/livre\/","og_site_name":"Rise Club","article_modified_time":"2025-10-06T09:31:07+00:00","twitter_card":"summary_large_image","schema":{"@context":"https:\/\/schema.org","@graph":[{"@type":"WebPage","@id":"https:\/\/demo.ateepic.fr\/index.php\/livre\/","url":"https:\/\/demo.ateepic.fr\/index.php\/livre\/","name":"Livre - Rise Club l'art de s'associer","isPartOf":{"@id":"https:\/\/demo.ateepic.fr\/#website"},"datePublished":"2025-08-05T07:43:15+00:00","dateModified":"2025-10-06T09:31:07+00:00","description":"L\u2019Art de s\u2019associer - Les secrets d'une association (ou direction) durable et efficace. Dans ce livre, nous vous partageons les le\u00e7ons tir\u00e9es de 25 ans de collaboration, sans en cacher les risques ni les difficult\u00e9s.","breadcrumb":{"@id":"https:\/\/demo.ateepic.fr\/index.php\/livre\/#breadcrumb"},"inLanguage":"fr-FR","potentialAction":[{"@type":"ReadAction","target":["https:\/\/demo.ateepic.fr\/index.php\/livre\/"]}]},{"@type":"BreadcrumbList","@id":"https:\/\/demo.ateepic.fr\/index.php\/livre\/#breadcrumb","itemListElement":[{"@type":"ListItem","position":1,"name":"Accueil","item":"https:\/\/demo.ateepic.fr\/"},{"@type":"ListItem","position":2,"name":"Livre"}]},{"@type":"WebSite","@id":"https:\/\/demo.ateepic.fr\/#website","url":"https:\/\/demo.ateepic.fr\/","name":"Rise Club","description":"Rise Club \u2013 Experts en direction \u00e0 plusieurs, coaching et gouvernance d\u2019associ\u00e9s","publisher":{"@id":"https:\/\/demo.ateepic.fr\/#organization"},"potentialAction":[{"@type":"SearchAction","target":{"@type":"EntryPoint","urlTemplate":"https:\/\/demo.ateepic.fr\/?s={search_term_string}"},"query-input":{"@type":"PropertyValueSpecification","valueRequired":true,"valueName":"search_term_string"}}],"inLanguage":"fr-FR"},{"@type":"Organization","@id":"https:\/\/demo.ateepic.fr\/#organization","name":"Rise Club","url":"https:\/\/demo.ateepic.fr\/","logo":{"@type":"ImageObject","inLanguage":"fr-FR","@id":"https:\/\/demo.ateepic.fr\/#\/schema\/logo\/image\/","url":"https:\/\/demo.ateepic.fr\/wp-content\/uploads\/2025\/05\/RiseClub.svg","contentUrl":"https:\/\/demo.ateepic.fr\/wp-content\/uploads\/2025\/05\/RiseClub.svg","caption":"Rise Club"},"image":{"@id":"https:\/\/demo.ateepic.fr\/#\/schema\/logo\/image\/"}}]}},"_links":{"self":[{"href":"https:\/\/demo.ateepic.fr\/index.php\/wp-json\/wp\/v2\/pages\/160","targetHints":{"allow":["GET"]}}],"collection":[{"href":"https:\/\/demo.ateepic.fr\/index.php\/wp-json\/wp\/v2\/pages"}],"about":[{"href":"https:\/\/demo.ateepic.fr\/index.php\/wp-json\/wp\/v2\/types\/page"}],"author":[{"embeddable":true,"href":"https:\/\/demo.ateepic.fr\/index.php\/wp-json\/wp\/v2\/users\/1"}],"replies":[{"embeddable":true,"href":"https:\/\/demo.ateepic.fr\/index.php\/wp-json\/wp\/v2\/comments?post=160"}],"version-history":[{"count":1,"href":"https:\/\/demo.ateepic.fr\/index.php\/wp-json\/wp\/v2\/pages\/160\/revisions"}],"predecessor-version":[{"id":161,"href":"https:\/\/demo.ateepic.fr\/index.php\/wp-json\/wp\/v2\/pages\/160\/revisions\/161"}],"wp:attachment":[{"href":"https:\/\/demo.ateepic.fr\/index.php\/wp-json\/wp\/v2\/media?parent=160"}],"curies":[{"name":"wp","href":"https:\/\/api.w.org\/{rel}","templated":true}]}}